{"id":135208,"date":"2024-02-22T15:37:42","date_gmt":"2024-02-22T12:37:42","guid":{"rendered":"https:\/\/beta.paksoy.av.tr\/about-us\/awards\/"},"modified":"2025-12-12T12:43:38","modified_gmt":"2025-12-12T09:43:38","slug":"awards","status":"publish","type":"page","link":"https:\/\/paksoy.av.tr\/en\/about-us\/awards\/","title":{"rendered":"Awards"},"content":{"rendered":"<div class=\"wpb-content-wrapper\"><p>[vc_row row_height_percent=&#8221;40&#8243; back_color=&#8221;color-wayh&#8221; back_image=&#8221;134960&#8243; back_position=&#8221;center bottom&#8221; parallax=&#8221;yes&#8221; overlay_color=&#8221;color-122525&#8243; overlay_alpha=&#8221;80&#8243; gutter_size=&#8221;3&#8243; column_width_percent=&#8221;100&#8243; shift_y=&#8221;0&#8243; z_index=&#8221;0&#8243; top_divider=&#8221;gradient&#8221; uncode_shortcode_id=&#8221;207717&#8243; overlay_color_type=&#8221;uncode-palette&#8221; row_height_pixel=&#8221;300&#8243; back_color_type=&#8221;uncode-palette&#8221;][vc_column column_width_percent=&#8221;100&#8243; position_vertical=&#8221;bottom&#8221; gutter_size=&#8221;2&#8243; style=&#8221;dark&#8221; overlay_alpha=&#8221;50&#8243; shift_x=&#8221;0&#8243; shift_y=&#8221;0&#8243; shift_y_down=&#8221;0&#8243; z_index=&#8221;0&#8243; medium_width=&#8221;0&#8243; mobile_width=&#8221;0&#8243; width=&#8221;1\/1&#8243; uncode_shortcode_id=&#8221;214722&#8243;][vc_row_inner row_inner_height_percent=&#8221;0&#8243; overlay_alpha=&#8221;50&#8243; gutter_size=&#8221;3&#8243; shift_y=&#8221;0&#8243; shift_y_fixed=&#8221;yes&#8221; z_index=&#8221;0&#8243; uncode_shortcode_id=&#8221;137387&#8243;][vc_column_inner column_width_percent=&#8221;100&#8243; position_vertical=&#8221;bottom&#8221; gutter_size=&#8221;2&#8243; style=&#8221;dark&#8221; overlay_alpha=&#8221;50&#8243; shift_x=&#8221;0&#8243; shift_y=&#8221;0&#8243; shift_y_down=&#8221;0&#8243; z_index=&#8221;0&#8243; medium_width=&#8221;6&#8243; mobile_width=&#8221;6&#8243; width=&#8221;5\/6&#8243; uncode_shortcode_id=&#8221;131023&#8243;][vc_custom_heading text_color=&#8221;color-226489&#8243; heading_semantic=&#8221;h5&#8243; text_size=&#8221;fontsize-160000&#8243; text_transform=&#8221;uppercase&#8221; text_space=&#8221;fontspace-135905&#8243; css_animation=&#8221;alpha-anim&#8221; animation_delay=&#8221;200&#8243; uncode_shortcode_id=&#8221;260611&#8243; text_color_type=&#8221;uncode-palette&#8221;]Awards[\/vc_custom_heading][vc_custom_heading heading_semantic=&#8221;h1&#8243; text_size=&#8221;&#8221; text_weight=&#8221;700&#8243; uncode_shortcode_id=&#8221;188806&#8243;]Paksoy Awards[\/vc_custom_heading][vc_empty_space empty_h=&#8221;2&#8243;][uncode_breadcrumbs text_lead=&#8221;small&#8221;][\/vc_column_inner][vc_column_inner column_width_percent=&#8221;100&#8243; position_horizontal=&#8221;right&#8221; position_vertical=&#8221;bottom&#8221; align_horizontal=&#8221;align_right&#8221; gutter_size=&#8221;3&#8243; overlay_alpha=&#8221;50&#8243; shift_x=&#8221;0&#8243; shift_y=&#8221;0&#8243; shift_y_down=&#8221;0&#8243; z_index=&#8221;0&#8243; align_medium=&#8221;align_right_tablet&#8221; medium_width=&#8221;2&#8243; align_mobile=&#8221;align_right_mobile&#8221; mobile_width=&#8221;2&#8243; width=&#8221;1\/6&#8243; uncode_shortcode_id=&#8221;109909&#8243;][uncode_block id=&#8221;150584&#8243; inside_column=&#8221;yes&#8221;][\/vc_column_inner][\/vc_row_inner][\/vc_column][\/vc_row][vc_row row_height_percent=&#8221;0&#8243; override_padding=&#8221;yes&#8221; h_padding=&#8221;2&#8243; top_padding=&#8221;1&#8243; bottom_padding=&#8221;1&#8243; back_color=&#8221;color-lxmt&#8221; overlay_alpha=&#8221;70&#8243; gutter_size=&#8221;3&#8243; column_width_percent=&#8221;100&#8243; shift_y=&#8221;0&#8243; z_index=&#8221;0&#8243; top_divider=&#8221;gradient&#8221; uncode_shortcode_id=&#8221;156150&#8243; back_color_type=&#8221;uncode-palette&#8221;][vc_column column_width_percent=&#8221;100&#8243; position_horizontal=&#8221;left&#8221; position_vertical=&#8221;middle&#8221; gutter_size=&#8221;2&#8243; style=&#8221;dark&#8221; overlay_alpha=&#8221;50&#8243; shift_x=&#8221;0&#8243; shift_y=&#8221;0&#8243; shift_y_down=&#8221;0&#8243; z_index=&#8221;0&#8243; medium_width=&#8221;0&#8243; mobile_width=&#8221;0&#8243; width=&#8221;1\/1&#8243; uncode_shortcode_id=&#8221;779743&#8243;][vc_row_inner][vc_column_inner column_width_percent=&#8221;100&#8243; gutter_size=&#8221;3&#8243; overlay_alpha=&#8221;50&#8243; shift_x=&#8221;0&#8243; shift_y=&#8221;0&#8243; shift_y_down=&#8221;0&#8243; z_index=&#8221;0&#8243; medium_width=&#8221;0&#8243; mobile_width=&#8221;0&#8243; width=&#8221;1\/1&#8243; uncode_shortcode_id=&#8221;179946&#8243;][vc_empty_space empty_h=&#8221;1&#8243;][vc_button button_color=&#8221;accent&#8221; size=&#8221;link&#8221; btn_link_size=&#8221;fontsize-160000&#8243; btn_link_underline=&#8221;btn-underline-out&#8221; icon_position=&#8221;right&#8221; display=&#8221;inline&#8221; inline_mobile=&#8221;yes&#8221; uncode_shortcode_id=&#8221;162740&#8243; button_color_type=&#8221;uncode-palette&#8221; link=&#8221;url:https%3A%2F%2Fpaksoy.av.tr%2Fen%2Fabout-us%2F|&#8221; icon=&#8221;fa fa-angle-right&#8221;]About Us[\/vc_button][vc_button button_color=&#8221;color-wvjs&#8221; size=&#8221;link&#8221; btn_link_size=&#8221;fontsize-160000&#8243; btn_link_underline=&#8221;btn-underline&#8221; display=&#8221;inline&#8221; inline_mobile=&#8221;yes&#8221; uncode_shortcode_id=&#8221;167576&#8243; button_color_type=&#8221;uncode-palette&#8221;]Awards[\/vc_button][vc_button button_color=&#8221;accent&#8221; size=&#8221;link&#8221; btn_link_size=&#8221;fontsize-160000&#8243; btn_link_underline=&#8221;btn-underline-out&#8221; icon_position=&#8221;right&#8221; display=&#8221;inline&#8221; inline_mobile=&#8221;yes&#8221; uncode_shortcode_id=&#8221;114732&#8243; button_color_type=&#8221;uncode-palette&#8221; link=&#8221;url:https%3A%2F%2Fpaksoy.av.tr%2Fen%2Fabout-us%2Fgiving-back%2F|&#8221; icon=&#8221;fa fa-angle-right&#8221;]Giving Back[\/vc_button][vc_empty_space empty_h=&#8221;1&#8243;][\/vc_column_inner][\/vc_row_inner][\/vc_column][\/vc_row][vc_row unlock_row_content=&#8221;yes&#8221; row_height_percent=&#8221;0&#8243; override_padding=&#8221;yes&#8221; h_padding=&#8221;0&#8243; top_padding=&#8221;2&#8243; bottom_padding=&#8221;0&#8243; back_color=&#8221;color-xsdn&#8221; overlay_alpha=&#8221;50&#8243; equal_height=&#8221;yes&#8221; gutter_size=&#8221;0&#8243; column_width_percent=&#8221;100&#8243; shift_y=&#8221;0&#8243; z_index=&#8221;0&#8243; uncode_shortcode_id=&#8221;210057&#8243; back_color_type=&#8221;uncode-palette&#8221;][vc_column column_width_percent=&#8221;100&#8243; align_horizontal=&#8221;align_center&#8221; gutter_size=&#8221;3&#8243; override_padding=&#8221;yes&#8221; column_padding=&#8221;3&#8243; style=&#8221;light&#8221; overlay_alpha=&#8221;80&#8243; shift_x=&#8221;0&#8243; shift_y=&#8221;0&#8243; shift_y_down=&#8221;0&#8243; z_index=&#8221;0&#8243; align_medium=&#8221;align_center_tablet&#8221; medium_width=&#8221;0&#8243; align_mobile=&#8221;align_center_mobile&#8221; mobile_width=&#8221;0&#8243; width=&#8221;1\/1&#8243; uncode_shortcode_id=&#8221;202280&#8243;][vc_custom_heading heading_semantic=&#8221;h3&#8243; text_size=&#8221;h3&#8243; text_weight=&#8221;600&#8243; css_animation=&#8221;curtain&#8221; uncode_shortcode_id=&#8221;474471&#8243;]Our clients\u2019 satisfaction with the service we provide is always the kind of recognition we are grateful for.[\/vc_custom_heading][vc_custom_heading heading_semantic=&#8221;h3&#8243; text_size=&#8221;h4&#8243; desktop_visibility=&#8221;yes&#8221; medium_visibility=&#8221;yes&#8221; mobile_visibility=&#8221;yes&#8221; uncode_shortcode_id=&#8221;220706&#8243;]Equally important is the recognition we receive from the global legal community. We take pride in our numerous awards and accolades acknowledged by the most prestigious international legal directories.[\/vc_custom_heading][\/vc_column][\/vc_row][vc_row row_height_percent=&#8221;0&#8243; back_color=&#8221;color-xsdn&#8221; overlay_alpha=&#8221;50&#8243; gutter_size=&#8221;3&#8243; column_width_percent=&#8221;100&#8243; shift_y=&#8221;0&#8243; z_index=&#8221;0&#8243; content_parallax=&#8221;0&#8243; uncode_shortcode_id=&#8221;202524&#8243; back_color_type=&#8221;uncode-palette&#8221;][vc_column column_width_percent=&#8221;100&#8243; position_vertical=&#8221;middle&#8221; gutter_size=&#8221;3&#8243; style=&#8221;light&#8221; overlay_alpha=&#8221;90&#8243; shift_x=&#8221;0&#8243; shift_y=&#8221;0&#8243; shift_y_down=&#8221;0&#8243; z_index=&#8221;0&#8243; align_medium=&#8221;align_center_tablet&#8221; medium_width=&#8221;0&#8243; align_mobile=&#8221;align_center_mobile&#8221; mobile_width=&#8221;0&#8243; width=&#8221;1\/2&#8243; uncode_shortcode_id=&#8221;189602&#8243;][vc_custom_heading heading_semantic=&#8221;h3&#8243; text_size=&#8221;h4&#8243; css_animation=&#8221;curtain&#8221; uncode_shortcode_id=&#8221;626288&#8243;]Equally important is the recognition we receive from the global legal community. We take pride in our numerous awards and accolades acknowledged by the most prestigious international legal directories.[\/vc_custom_heading][\/vc_column][vc_column column_width_percent=&#8221;80&#8243; position_vertical=&#8221;middle&#8221; align_horizontal=&#8221;align_center&#8221; gutter_size=&#8221;3&#8243; style=&#8221;dark&#8221; overlay_alpha=&#8221;50&#8243; shift_x=&#8221;0&#8243; shift_y=&#8221;0&#8243; shift_y_down=&#8221;0&#8243; z_index=&#8221;0&#8243; medium_width=&#8221;0&#8243; mobile_width=&#8221;0&#8243; width=&#8221;1\/2&#8243; mobile_height=&#8221;280&#8243; uncode_shortcode_id=&#8221;104992&#8243;][vc_gallery el_id=&#8221;gallery-50611622&#8243; isotope_mode=&#8221;cellsByRow&#8221; medias=&#8221;154297,152939,150401,133752,133753,133754,133756,133757,133759&#8243; explode_albums=&#8221;yes&#8221; gutter_size=&#8221;3&#8243; media_items=&#8221;media|nolink|original&#8221; screen_lg=&#8221;&#8221; screen_md=&#8221;480&#8243; screen_sm=&#8221;&#8221; single_overlay_opacity=&#8221;50&#8243; single_overlay_anim=&#8221;no&#8221; single_text_anim=&#8221;no&#8221; single_image_anim=&#8221;no&#8221; single_padding=&#8221;2&#8243; single_shadow=&#8221;yes&#8221; uncode_shortcode_id=&#8221;670877&#8243; el_class=&#8221;awards-gallery&#8221;][\/vc_column][\/vc_row][vc_row row_height_percent=&#8221;0&#8243; back_color=&#8221;color-xsdn&#8221; overlay_alpha=&#8221;50&#8243; gutter_size=&#8221;3&#8243; column_width_percent=&#8221;100&#8243; shift_y=&#8221;0&#8243; z_index=&#8221;0&#8243; uncode_shortcode_id=&#8221;178892&#8243; back_color_type=&#8221;uncode-palette&#8221;][vc_column width=&#8221;1\/1&#8243;][\/vc_column][\/vc_row][vc_row row_height_percent=&#8221;0&#8243; override_padding=&#8221;yes&#8221; h_padding=&#8221;2&#8243; top_padding=&#8221;3&#8243; bottom_padding=&#8221;3&#8243; overlay_alpha=&#8221;50&#8243; gutter_size=&#8221;3&#8243; column_width_percent=&#8221;100&#8243; shift_y=&#8221;0&#8243; z_index=&#8221;0&#8243; uncode_shortcode_id=&#8221;212332&#8243;][vc_column column_width_percent=&#8221;100&#8243; gutter_size=&#8221;3&#8243; overlay_alpha=&#8221;50&#8243; shift_x=&#8221;0&#8243; shift_y=&#8221;0&#8243; shift_y_down=&#8221;0&#8243; z_index=&#8221;0&#8243; medium_width=&#8221;0&#8243; mobile_width=&#8221;0&#8243; width=&#8221;1\/1&#8243; uncode_shortcode_id=&#8221;909942&#8243;][vc_custom_heading uncode_shortcode_id=&#8221;179149&#8243;]<span class=\"heading-text-highlight \" data-atts='{\"bg\":\"style-color-119923-bg\",\"height\":\"20%\",\"offset\":\"0.1em\",\"opacity\":\"1\",\"animated\":\"yes\"}'>Some of our past awards:<\/span>[\/vc_custom_heading][vc_row_inner row_inner_height_percent=&#8221;0&#8243; overlay_alpha=&#8221;50&#8243; gutter_size=&#8221;3&#8243; shift_y=&#8221;0&#8243; z_index=&#8221;0&#8243; uncode_shortcode_id=&#8221;810919&#8243;][vc_column_inner width=&#8221;1\/2&#8243;][vc_custom_heading text_size=&#8221;h6&#8243; text_height=&#8221;fontheight-357766&#8243; uncode_shortcode_id=&#8221;436530&#8243;]LEGAL ADVISOR OF THE YEAR &#8211; T\u00fcrkiye<br \/>\n<strong>Mergermarket &#8211; 2025<\/strong><\/p>\n<p>&nbsp;<\/p>\n<p>LAW FIRM OF THE YEAR &#8211; T\u00fcrkiye<br \/>\n<strong>Benchmark Litigation &#8211; 2025<\/strong><\/p>\n<p>&nbsp;<\/p>\n<p>LAW FIRM OF THE YEAR &#8211; T\u00fcrkiye<br \/>\n<strong>IFLR &#8211; 2025<\/strong><\/p>\n<p>&nbsp;<\/p>\n<p>LAW FIRM OF THE YEAR &#8211; T\u00fcrkiye<br \/>\n<strong>Chambers Europe &#8211; 2023<\/strong><\/p>\n<p>&nbsp;<\/p>\n<p>LAW FIRM OF THE YEAR &#8211; T\u00fcrkiye<br \/>\n<strong>IFLR &#8211; 2023<\/strong><\/p>\n<p>&nbsp;<\/p>\n<p>CORPORATE BOND DEAL OF THE YEAR, ESG BOND DEAL OF THE YEAR, POWER FINANCE DEAL OF THE YEAR, ISLAMIC CAPITAL MARKETS DEAL OF THE YEAR (RUNNER-UP), INFRASTRUCTURE FINANCE DEAL OF THE YEAR (RUNNER-UP) &#8211; T\u00fcrkiye<br \/>\n<strong>BONDS &amp; LOANS &#8211; 2022<\/strong><\/p>\n<p>&nbsp;<\/p>\n<p>LAW FIRM OF THE YEAR &#8211; T\u00fcrkiye<br \/>\n<strong>IFLR &#8211; 2022<\/strong><\/p>\n<p>&nbsp;<\/p>\n<p>DEAL OF THE YEAR<br \/>\n<strong>CEE Legal Matters<\/strong><\/p>\n<p>&nbsp;<\/p>\n<p>CORPORATE BOND DEAL OF THE YEAR &#8211; T\u00fcrkiye<br \/>\n<strong>BONDS &amp; LOANS &#8211; 2021<\/strong><\/p>\n<p>&nbsp;<\/p>\n<p>CAPITAL MARKETS LAW FIRM OF THE YEAR \u2013 T\u00fcrkiye<br \/>\n<strong>IFLR &#8211; 2021<\/strong><\/p>\n<p>&nbsp;<\/p>\n<p>FIRM OF THE YEAR \u2013 T\u00fcrkiye<br \/>\n<strong>IFLR &#8211; 2021<\/strong><\/p>\n<p>&nbsp;<\/p>\n<p>FIRM OF THE YEAR \u2013 T\u00fcrkiye<br \/>\n<strong>Chambers Europe &#8211; 2020<\/strong><\/p>\n<p>&nbsp;<\/p>\n<p>MOST INNOVATIVE LAW FIRM OF THE YEAR &#8211; T\u00fcrkiye<br \/>\n<strong>IFLR &#8211; 2019<\/strong><\/p>\n<p>&nbsp;<\/p>\n<p>M&amp;A LEGAL ADVISER OF THE YEAR &#8211; T\u00fcrkiye<br \/>\n<strong>Mergermarket &#8211; 2018<\/strong>[\/vc_custom_heading][\/vc_column_inner][vc_column_inner width=&#8221;1\/2&#8243;][vc_custom_heading text_size=&#8221;h6&#8243; text_height=&#8221;fontheight-357766&#8243; uncode_shortcode_id=&#8221;270869&#8243;]LAW FIRM OF THE YEAR &#8211; T\u00fcrkiye<br \/>\n<strong>Chambers Europe &#8211; 2017<\/strong><\/p>\n<p>&nbsp;<\/p>\n<p>CLIENT CHOICE FIRM OF THE YEAR<br \/>\n<strong>International Law Office<\/strong><\/p>\n<p>&nbsp;<\/p>\n<p>M&amp;A LEGAL ADVISOR OF THE YEAR &#8211; T\u00fcrkiye<br \/>\n<strong>FT &amp; Mergermarket European M&amp;A Awards<\/strong><\/p>\n<p>&nbsp;<\/p>\n<p>ANTI-TRUST LAW FIRM OF THE YEAR &#8211; T\u00fcrkiye<br \/>\n<strong>GLE International Awards<\/strong><\/p>\n<p>&nbsp;<\/p>\n<p>FULL SERVICE LAW FIRM OF THE YEAR &#8211; T\u00fcrkiye<br \/>\n<strong>The Official Global 100<\/strong><\/p>\n<p>&nbsp;<\/p>\n<p>LAW FIRM OF THE YEAR &#8211; CAPITAL MARKETS<br \/>\n<strong>The Official Global 100<\/strong><\/p>\n<p>&nbsp;<\/p>\n<p>LEADING LEGAL ADVISER OF THE YEAR &#8211; \u00c7ELEBI AVIATION<br \/>\n<strong>Acquisition International M&amp;A Awards<\/strong><\/p>\n<p>&nbsp;<\/p>\n<p>BEST PROJECT FINANCE DEAL, BEST TRADE &amp; EXPORT FINANCE DEAL AND BEST SYNDICATED LOAN IN T\u00dcRK\u0130YE (SOCAR\/STAR REFINERY)<br \/>\n<strong>Bonds &amp; Loans Awards T\u00fcrkiye<\/strong><\/p>\n<p>&nbsp;<\/p>\n<p>DEAL OF THE YEAR (T\u00dcRKIYE FINANS VARLIK KIRALAMA RM800 MILLION MURABAHA SUKUK), T\u00dcRK\u0130YE<br \/>\n<strong>IFN Islamic Finance News Awards<\/strong><\/p>\n<p>&nbsp;<\/p>\n<p>BUSINESS EXCELLENCE AWARD<br \/>\n<strong>Acquisition International<\/strong><\/p>\n<p>&nbsp;<\/p>\n<p>BEST TURKISH LAW FIRM \u2013 SILVER AWARD<br \/>\n<strong>International Legal Alliance<\/strong><\/p>\n<p>&nbsp;<\/p>\n<p>BEST TURKISH LAW FIRM \u2013 SILVER AWARD<br \/>\n<strong>Legal Alliance Summit &amp; Awards<\/strong><\/p>\n<p>&nbsp;<\/p>\n<p>EUROPEAN OIL &amp; GAS TRANSACTION PRIZE (SOCAR\/STAR REFINERY)<br \/>\n<strong>Infrastructure Journal Global<\/strong><\/p>\n<p>&nbsp;<\/p>\n<p>REFINERY DEAL OF THE YEAR (SOCAR\/STAR REFINERY)<br \/>\n<strong>Project Finance International<\/strong>[\/vc_custom_heading][\/vc_column_inner][\/vc_row_inner][\/vc_column][\/vc_row]<\/p>\n<\/div>","protected":false},"excerpt":{"rendered":"<p>[vc_row row_height_percent=&#8221;40&#8243; back_color=&#8221;color-wayh&#8221; back_image=&#8221;134960&#8243; back_position=&#8221;center bottom&#8221; parallax=&#8221;yes&#8221; overlay_color=&#8221;color-122525&#8243; overlay_alpha=&#8221;80&#8243; gutter_size=&#8221;3&#8243; column_width_percent=&#8221;100&#8243; shift_y=&#8221;0&#8243; z_index=&#8221;0&#8243; top_divider=&#8221;gradient&#8221; uncode_shortcode_id=&#8221;207717&#8243; overlay_color_type=&#8221;uncode-palette&#8221; row_height_pixel=&#8221;300&#8243; back_color_type=&#8221;uncode-palette&#8221;][vc_column column_width_percent=&#8221;100&#8243; position_vertical=&#8221;bottom&#8221; [&hellip;]<\/p>\n","protected":false},"author":1,"featured_media":0,"parent":135128,"menu_order":0,"comment_status":"closed","ping_status":"closed","template":"","meta":{"_acf_changed":false,"footnotes":""},"class_list":["post-135208","page","type-page","status-publish","hentry"],"acf":[],"yoast_head":"<!-- This site is optimized with the Yoast SEO plugin v26.6 - https:\/\/yoast.com\/wordpress\/plugins\/seo\/ -->\n<title>Awards | Paksoy Attorneys at Law<\/title>\n<meta name=\"description\" content=\"Our clients\u2019 satisfaction with the service we provide is always the kind of recognition we are grateful for.\" \/>\n<meta name=\"robots\" content=\"index, follow, max-snippet:-1, max-image-preview:large, max-video-preview:-1\" \/>\n<link rel=\"canonical\" href=\"https:\/\/paksoy.av.tr\/en\/about-us\/awards\/\" \/>\n<meta property=\"og:locale\" content=\"en_US\" \/>\n<meta property=\"og:type\" content=\"article\" \/>\n<meta property=\"og:title\" content=\"Awards | Paksoy Attorneys at Law\" \/>\n<meta property=\"og:description\" content=\"Our clients\u2019 satisfaction with the service we provide is always the kind of recognition we are grateful for.\" \/>\n<meta property=\"og:url\" content=\"https:\/\/paksoy.av.tr\/en\/about-us\/awards\/\" \/>\n<meta property=\"og:site_name\" content=\"Paksoy Attorneys at Law\" \/>\n<meta property=\"article:modified_time\" content=\"2025-12-12T09:43:38+00:00\" \/>\n<meta property=\"og:image\" content=\"https:\/\/paksoy.av.tr\/wp-content\/uploads\/2024\/05\/paksoy-main.jpg\" \/>\n\t<meta property=\"og:image:width\" content=\"1600\" \/>\n\t<meta property=\"og:image:height\" content=\"900\" \/>\n\t<meta property=\"og:image:type\" content=\"image\/jpeg\" \/>\n<meta name=\"twitter:card\" content=\"summary_large_image\" \/>\n<meta name=\"twitter:label1\" content=\"Est. reading time\" \/>\n\t<meta name=\"twitter:data1\" content=\"5 minutes\" \/>\n<script type=\"application\/ld+json\" class=\"yoast-schema-graph\">{\"@context\":\"https:\/\/schema.org\",\"@graph\":[{\"@type\":\"WebPage\",\"@id\":\"https:\/\/paksoy.av.tr\/en\/about-us\/awards\/\",\"url\":\"https:\/\/paksoy.av.tr\/en\/about-us\/awards\/\",\"name\":\"Awards | Paksoy Attorneys at Law\",\"isPartOf\":{\"@id\":\"https:\/\/paksoy.av.tr\/en\/#website\"},\"datePublished\":\"2024-02-22T12:37:42+00:00\",\"dateModified\":\"2025-12-12T09:43:38+00:00\",\"description\":\"Our clients\u2019 satisfaction with the service we provide is always the kind of recognition we are grateful for.\",\"breadcrumb\":{\"@id\":\"https:\/\/paksoy.av.tr\/en\/about-us\/awards\/#breadcrumb\"},\"inLanguage\":\"en-US\",\"potentialAction\":[{\"@type\":\"ReadAction\",\"target\":[\"https:\/\/paksoy.av.tr\/en\/about-us\/awards\/\"]}]},{\"@type\":\"BreadcrumbList\",\"@id\":\"https:\/\/paksoy.av.tr\/en\/about-us\/awards\/#breadcrumb\",\"itemListElement\":[{\"@type\":\"ListItem\",\"position\":1,\"name\":\"Ana Sayfa\",\"item\":\"https:\/\/paksoy.av.tr\/en\/\"},{\"@type\":\"ListItem\",\"position\":2,\"name\":\"About Us\",\"item\":\"https:\/\/paksoy.av.tr\/en\/about-us\/\"},{\"@type\":\"ListItem\",\"position\":3,\"name\":\"Awards\"}]},{\"@type\":\"WebSite\",\"@id\":\"https:\/\/paksoy.av.tr\/en\/#website\",\"url\":\"https:\/\/paksoy.av.tr\/en\/\",\"name\":\"Paksoy\",\"description\":\"\",\"publisher\":{\"@id\":\"https:\/\/paksoy.av.tr\/en\/#organization\"},\"potentialAction\":[{\"@type\":\"SearchAction\",\"target\":{\"@type\":\"EntryPoint\",\"urlTemplate\":\"https:\/\/paksoy.av.tr\/en\/?s={search_term_string}\"},\"query-input\":{\"@type\":\"PropertyValueSpecification\",\"valueRequired\":true,\"valueName\":\"search_term_string\"}}],\"inLanguage\":\"en-US\"},{\"@type\":\"Organization\",\"@id\":\"https:\/\/paksoy.av.tr\/en\/#organization\",\"name\":\"Paksoy\",\"url\":\"https:\/\/paksoy.av.tr\/en\/\",\"logo\":{\"@type\":\"ImageObject\",\"inLanguage\":\"en-US\",\"@id\":\"https:\/\/paksoy.av.tr\/en\/#\/schema\/logo\/image\/\",\"url\":\"https:\/\/paksoy.av.tr\/wp-content\/uploads\/2024\/03\/paksoy-logo-avatar.png\",\"contentUrl\":\"https:\/\/paksoy.av.tr\/wp-content\/uploads\/2024\/03\/paksoy-logo-avatar.png\",\"width\":1500,\"height\":1500,\"caption\":\"Paksoy\"},\"image\":{\"@id\":\"https:\/\/paksoy.av.tr\/en\/#\/schema\/logo\/image\/\"},\"sameAs\":[\"https:\/\/www.linkedin.com\/company\/paksoy-law-firm\/\"]}]}<\/script>\n<!-- \/ Yoast SEO plugin. -->","yoast_head_json":{"title":"Awards | Paksoy Attorneys at Law","description":"Our clients\u2019 satisfaction with the service we provide is always the kind of recognition we are grateful for.","robots":{"index":"index","follow":"follow","max-snippet":"max-snippet:-1","max-image-preview":"max-image-preview:large","max-video-preview":"max-video-preview:-1"},"canonical":"https:\/\/paksoy.av.tr\/en\/about-us\/awards\/","og_locale":"en_US","og_type":"article","og_title":"Awards | Paksoy Attorneys at Law","og_description":"Our clients\u2019 satisfaction with the service we provide is always the kind of recognition we are grateful for.","og_url":"https:\/\/paksoy.av.tr\/en\/about-us\/awards\/","og_site_name":"Paksoy Attorneys at Law","article_modified_time":"2025-12-12T09:43:38+00:00","og_image":[{"width":1600,"height":900,"url":"https:\/\/paksoy.av.tr\/wp-content\/uploads\/2024\/05\/paksoy-main.jpg","type":"image\/jpeg"}],"twitter_card":"summary_large_image","twitter_misc":{"Est. reading time":"5 minutes"},"schema":{"@context":"https:\/\/schema.org","@graph":[{"@type":"WebPage","@id":"https:\/\/paksoy.av.tr\/en\/about-us\/awards\/","url":"https:\/\/paksoy.av.tr\/en\/about-us\/awards\/","name":"Awards | Paksoy Attorneys at Law","isPartOf":{"@id":"https:\/\/paksoy.av.tr\/en\/#website"},"datePublished":"2024-02-22T12:37:42+00:00","dateModified":"2025-12-12T09:43:38+00:00","description":"Our clients\u2019 satisfaction with the service we provide is always the kind of recognition we are grateful for.","breadcrumb":{"@id":"https:\/\/paksoy.av.tr\/en\/about-us\/awards\/#breadcrumb"},"inLanguage":"en-US","potentialAction":[{"@type":"ReadAction","target":["https:\/\/paksoy.av.tr\/en\/about-us\/awards\/"]}]},{"@type":"BreadcrumbList","@id":"https:\/\/paksoy.av.tr\/en\/about-us\/awards\/#breadcrumb","itemListElement":[{"@type":"ListItem","position":1,"name":"Ana Sayfa","item":"https:\/\/paksoy.av.tr\/en\/"},{"@type":"ListItem","position":2,"name":"About Us","item":"https:\/\/paksoy.av.tr\/en\/about-us\/"},{"@type":"ListItem","position":3,"name":"Awards"}]},{"@type":"WebSite","@id":"https:\/\/paksoy.av.tr\/en\/#website","url":"https:\/\/paksoy.av.tr\/en\/","name":"Paksoy","description":"","publisher":{"@id":"https:\/\/paksoy.av.tr\/en\/#organization"},"potentialAction":[{"@type":"SearchAction","target":{"@type":"EntryPoint","urlTemplate":"https:\/\/paksoy.av.tr\/en\/?s={search_term_string}"},"query-input":{"@type":"PropertyValueSpecification","valueRequired":true,"valueName":"search_term_string"}}],"inLanguage":"en-US"},{"@type":"Organization","@id":"https:\/\/paksoy.av.tr\/en\/#organization","name":"Paksoy","url":"https:\/\/paksoy.av.tr\/en\/","logo":{"@type":"ImageObject","inLanguage":"en-US","@id":"https:\/\/paksoy.av.tr\/en\/#\/schema\/logo\/image\/","url":"https:\/\/paksoy.av.tr\/wp-content\/uploads\/2024\/03\/paksoy-logo-avatar.png","contentUrl":"https:\/\/paksoy.av.tr\/wp-content\/uploads\/2024\/03\/paksoy-logo-avatar.png","width":1500,"height":1500,"caption":"Paksoy"},"image":{"@id":"https:\/\/paksoy.av.tr\/en\/#\/schema\/logo\/image\/"},"sameAs":["https:\/\/www.linkedin.com\/company\/paksoy-law-firm\/"]}]}},"_links":{"self":[{"href":"https:\/\/paksoy.av.tr\/en\/wp-json\/wp\/v2\/pages\/135208","targetHints":{"allow":["GET"]}}],"collection":[{"href":"https:\/\/paksoy.av.tr\/en\/wp-json\/wp\/v2\/pages"}],"about":[{"href":"https:\/\/paksoy.av.tr\/en\/wp-json\/wp\/v2\/types\/page"}],"author":[{"embeddable":true,"href":"https:\/\/paksoy.av.tr\/en\/wp-json\/wp\/v2\/users\/1"}],"replies":[{"embeddable":true,"href":"https:\/\/paksoy.av.tr\/en\/wp-json\/wp\/v2\/comments?post=135208"}],"version-history":[{"count":15,"href":"https:\/\/paksoy.av.tr\/en\/wp-json\/wp\/v2\/pages\/135208\/revisions"}],"predecessor-version":[{"id":154302,"href":"https:\/\/paksoy.av.tr\/en\/wp-json\/wp\/v2\/pages\/135208\/revisions\/154302"}],"up":[{"embeddable":true,"href":"https:\/\/paksoy.av.tr\/en\/wp-json\/wp\/v2\/pages\/135128"}],"wp:attachment":[{"href":"https:\/\/paksoy.av.tr\/en\/wp-json\/wp\/v2\/media?parent=135208"}],"curies":[{"name":"wp","href":"https:\/\/api.w.org\/{rel}","templated":true}]}}