{"id":133945,"date":"2024-02-22T14:53:47","date_gmt":"2024-02-22T11:53:47","guid":{"rendered":"https:\/\/ps.elmalma.com\/our-practices\/"},"modified":"2025-09-24T16:14:13","modified_gmt":"2025-09-24T13:14:13","slug":"our-practices","status":"publish","type":"page","link":"https:\/\/paksoy.av.tr\/en\/our-practices\/","title":{"rendered":"Our Practices"},"content":{"rendered":"<div class=\"wpb-content-wrapper\"><p>[vc_row row_height_percent=&#8221;40&#8243; back_color=&#8221;color-wayh&#8221; back_image=&#8221;152989&#8243; back_position=&#8221;center center&#8221; parallax=&#8221;yes&#8221; overlay_color=&#8221;color-122525&#8243; overlay_alpha=&#8221;80&#8243; gutter_size=&#8221;3&#8243; column_width_percent=&#8221;100&#8243; shift_y=&#8221;0&#8243; z_index=&#8221;0&#8243; top_divider=&#8221;gradient&#8221; content_parallax=&#8221;0&#8243; uncode_shortcode_id=&#8221;126823&#8243; back_color_type=&#8221;uncode-palette&#8221; overlay_color_type=&#8221;uncode-palette&#8221; row_height_pixel=&#8221;300&#8243;][vc_column column_width_percent=&#8221;100&#8243; position_vertical=&#8221;bottom&#8221; gutter_size=&#8221;2&#8243; style=&#8221;dark&#8221; overlay_alpha=&#8221;50&#8243; shift_x=&#8221;0&#8243; shift_y=&#8221;0&#8243; shift_y_down=&#8221;0&#8243; z_index=&#8221;0&#8243; medium_width=&#8221;0&#8243; mobile_width=&#8221;0&#8243; width=&#8221;1\/1&#8243; uncode_shortcode_id=&#8221;201042&#8243;][vc_row_inner row_inner_height_percent=&#8221;0&#8243; overlay_alpha=&#8221;50&#8243; gutter_size=&#8221;3&#8243; shift_y=&#8221;0&#8243; shift_y_fixed=&#8221;yes&#8221; z_index=&#8221;0&#8243; uncode_shortcode_id=&#8221;137387&#8243;][vc_column_inner column_width_percent=&#8221;100&#8243; position_vertical=&#8221;bottom&#8221; gutter_size=&#8221;2&#8243; style=&#8221;dark&#8221; overlay_alpha=&#8221;50&#8243; shift_x=&#8221;0&#8243; shift_y=&#8221;0&#8243; shift_y_down=&#8221;0&#8243; z_index=&#8221;0&#8243; medium_width=&#8221;6&#8243; mobile_width=&#8221;6&#8243; width=&#8221;5\/6&#8243; uncode_shortcode_id=&#8221;131023&#8243;][vc_custom_heading text_color=&#8221;color-226489&#8243; heading_semantic=&#8221;h5&#8243; text_size=&#8221;fontsize-160000&#8243; text_transform=&#8221;uppercase&#8221; text_space=&#8221;fontspace-135905&#8243; css_animation=&#8221;alpha-anim&#8221; animation_delay=&#8221;200&#8243; uncode_shortcode_id=&#8221;396661&#8243; text_color_type=&#8221;uncode-palette&#8221;]Our Practices[\/vc_custom_heading][vc_custom_heading heading_semantic=&#8221;h1&#8243; text_size=&#8221;&#8221; text_weight=&#8221;700&#8243; uncode_shortcode_id=&#8221;959130&#8243;]Practice Areas[\/vc_custom_heading][vc_empty_space empty_h=&#8221;1&#8243;][vc_empty_space empty_h=&#8221;1&#8243; mobile_visibility=&#8221;yes&#8221;][uncode_breadcrumbs text_lead=&#8221;small&#8221;][\/vc_column_inner][vc_column_inner column_width_percent=&#8221;100&#8243; position_horizontal=&#8221;right&#8221; position_vertical=&#8221;bottom&#8221; align_horizontal=&#8221;align_right&#8221; gutter_size=&#8221;3&#8243; overlay_alpha=&#8221;50&#8243; shift_x=&#8221;0&#8243; shift_y=&#8221;0&#8243; shift_y_down=&#8221;0&#8243; z_index=&#8221;0&#8243; align_medium=&#8221;align_right_tablet&#8221; medium_width=&#8221;2&#8243; align_mobile=&#8221;align_right_mobile&#8221; mobile_width=&#8221;2&#8243; width=&#8221;1\/6&#8243; uncode_shortcode_id=&#8221;109909&#8243;][uncode_block id=&#8221;150584&#8243; inside_column=&#8221;yes&#8221;][\/vc_column_inner][\/vc_row_inner][\/vc_column][\/vc_row][vc_row unlock_row_content=&#8221;yes&#8221; row_height_percent=&#8221;0&#8243; override_padding=&#8221;yes&#8221; h_padding=&#8221;0&#8243; top_padding=&#8221;3&#8243; bottom_padding=&#8221;3&#8243; back_color=&#8221;color-xsdn&#8221; overlay_alpha=&#8221;50&#8243; equal_height=&#8221;yes&#8221; gutter_size=&#8221;3&#8243; column_width_percent=&#8221;100&#8243; border_color=&#8221;color-gyho&#8221; border_style=&#8221;solid&#8221; shift_y=&#8221;0&#8243; z_index=&#8221;0&#8243; css=&#8221;.vc_custom_1715434125737{border-bottom-width: 1px !important;}&#8221; uncode_shortcode_id=&#8221;199857&#8243; border_color_type=&#8221;uncode-palette&#8221; back_color_type=&#8221;uncode-palette&#8221;][vc_column column_width_use_pixel=&#8221;yes&#8221; position_vertical=&#8221;middle&#8221; gutter_size=&#8221;3&#8243; override_padding=&#8221;yes&#8221; column_padding=&#8221;2&#8243; overlay_alpha=&#8221;50&#8243; shift_x=&#8221;0&#8243; shift_y=&#8221;0&#8243; shift_y_down=&#8221;0&#8243; z_index=&#8221;0&#8243; medium_width=&#8221;0&#8243; align_mobile=&#8221;align_left_mobile&#8221; mobile_width=&#8221;0&#8243; width=&#8221;1\/2&#8243; column_width_pixel=&#8221;528&#8243; uncode_shortcode_id=&#8221;211650&#8243;][vc_custom_heading text_color=&#8221;accent&#8221; heading_semantic=&#8221;h6&#8243; text_size=&#8221;fontsize-160000&#8243; text_transform=&#8221;uppercase&#8221; text_space=&#8221;fontspace-135905&#8243; css_animation=&#8221;curtain&#8221; uncode_shortcode_id=&#8221;212372&#8243; text_color_type=&#8221;uncode-palette&#8221;]Our Practices[\/vc_custom_heading][vc_column_text css_animation=&#8221;alpha-anim&#8221; uncode_shortcode_id=&#8221;153609&#8243;]Recognised as one of the leading corporate, finance and litigation practices, we focus on helping clients across a wide spectrum of legal areas including international business transactions, cross-border acquisitions, finance, investigations, compliance and disputes.<\/p>\n<p>Our practice areas encompass corporate and commercial law, mergers and acquisitions, competition law, real estate development projects, compliance, banking and finance, capital markets, energy, infrastructure, project finance, labour law, tax, dispute resolution, litigation and arbitration.<\/p>\n<p>With our expert team, we strive to deliver comprehensive legal solutions that enable our clients to effectively manage their businesses, delivering reliable, efficient, and result-oriented services both locally and globally.[\/vc_column_text][vc_button button_color=&#8221;color-169527&#8243; size=&#8221;btn-sm&#8221; border_width=&#8221;0&#8243; icon_position=&#8221;right&#8221; scale_mobile=&#8221;no&#8221; button_color_type=&#8221;uncode-palette&#8221; icon=&#8221;fa fa-arrow-down2&#8243; uncode_shortcode_id=&#8221;124527&#8243; link=&#8221;url:%23calisma-alanlari|&#8221;]Practice Areas[\/vc_button][\/vc_column][vc_column column_width_percent=&#8221;100&#8243; position_vertical=&#8221;middle&#8221; align_horizontal=&#8221;align_right&#8221; gutter_size=&#8221;3&#8243; overlay_alpha=&#8221;50&#8243; shift_x=&#8221;0&#8243; shift_y=&#8221;0&#8243; shift_y_down=&#8221;0&#8243; z_index=&#8221;0&#8243; medium_width=&#8221;0&#8243; mobile_width=&#8221;0&#8243; css_animation=&#8221;alpha-anim&#8221; width=&#8221;1\/2&#8243; uncode_shortcode_id=&#8221;128931&#8243;][vc_single_image media=&#8221;152991&#8243; media_width_percent=&#8221;100&#8243; shape=&#8221;img-round&#8221; uncode_shortcode_id=&#8221;150108&#8243;][\/vc_column][\/vc_row][vc_row row_height_percent=&#8221;0&#8243; override_padding=&#8221;yes&#8221; h_padding=&#8221;2&#8243; top_padding=&#8221;2&#8243; bottom_padding=&#8221;3&#8243; overlay_alpha=&#8221;50&#8243; gutter_size=&#8221;3&#8243; column_width_percent=&#8221;100&#8243; shift_y=&#8221;0&#8243; z_index=&#8221;0&#8243; uncode_shortcode_id=&#8221;973248&#8243; row_name=&#8221;\u00c7al\u0131\u015fma Alanlar\u0131&#8221;][vc_column column_width_percent=&#8221;100&#8243; gutter_size=&#8221;3&#8243; overlay_alpha=&#8221;50&#8243; shift_x=&#8221;0&#8243; shift_y=&#8221;0&#8243; shift_y_down=&#8221;0&#8243; z_index=&#8221;0&#8243; medium_width=&#8221;0&#8243; mobile_width=&#8221;0&#8243; width=&#8221;1\/1&#8243; uncode_shortcode_id=&#8221;128553&#8243;][vc_custom_heading text_size=&#8221;h3&#8243; text_weight=&#8221;600&#8243; text_transform=&#8221;uppercase&#8221; text_space=&#8221;fontspace-210350&#8243; uncode_shortcode_id=&#8221;210014&#8243;]<span class=\"heading-text-highlight \" data-atts='{\"bg\":\"style-color-119923-bg\",\"height\":\"20%\",\"offset\":\"0.1em\",\"opacity\":\"1\",\"animated\":\"yes\"}'>Practice Areas<\/span>[\/vc_custom_heading][vc_empty_space empty_h=&#8221;1&#8243;][uncode_index el_id=&#8221;index-1&#8243; isotope_mode=&#8221;fitRows&#8221; loop=&#8221;size:All|order_by:title|order:ASC|post_type:page|tax_query:211|taxonomy_count:10&#8243; screen_lg=&#8221;1000&#8243; screen_md=&#8221;600&#8243; screen_sm=&#8221;480&#8243; gutter_size=&#8221;3&#8243; page_items=&#8221;icon|lg,media|featured|onpost|original,title&#8221; single_width=&#8221;3&#8243; images_size=&#8221;sixteen-nine&#8221; single_overlay_color=&#8221;color-jevc&#8221; single_overlay_opacity=&#8221;20&#8243; single_overlay_visible=&#8221;yes&#8221; single_padding=&#8221;1&#8243; single_title_dimension=&#8221;h4&#8243; single_title_weight=&#8221;600&#8243; single_border=&#8221;yes&#8221; single_css_animation=&#8221;alpha-anim&#8221; single_animation_delay=&#8221;200&#8243; single_title_uppercase=&#8221;&#8221; single_title_bold=&#8221;yes&#8221; footer_position=&#8221;left&#8221; carousel_rtl=&#8221;&#8221; single_no_background=&#8221;&#8221; order_ids=&#8221;4237,4231,4239,4233,4262,4245,4252,4243,4254,4247,4241,4629,4229,4636,4225,4193,20518,20520&#8243; uncode_shortcode_id=&#8221;334175&#8243; single_icon=&#8221;fa fa-arrow-right2&#8243;][vc_separator sep_color=&#8221;&#8221; uncode_shortcode_id=&#8221;171514&#8243; el_width=&#8221;150px&#8221; el_height=&#8221;2px&#8221;][vc_column_text uncode_shortcode_id=&#8221;717953&#8243;]You can get in touch with us to collaborate.[\/vc_column_text][vc_button button_color=&#8221;color-169527&#8243; size=&#8221;btn-sm&#8221; border_width=&#8221;0&#8243; icon_position=&#8221;right&#8221; scale_mobile=&#8221;no&#8221; link=&#8221;url:https%3A%2F%2Fpaksoy.av.tr%2Fen%2Fcontact%2F|&#8221; button_color_type=&#8221;uncode-palette&#8221; icon=&#8221;fa fa-angle-right&#8221; uncode_shortcode_id=&#8221;837327&#8243;]Contact[\/vc_button][\/vc_column][\/vc_row]<\/p>\n<\/div>","protected":false},"excerpt":{"rendered":"<p>[vc_row row_height_percent=&#8221;40&#8243; back_color=&#8221;color-wayh&#8221; back_image=&#8221;152989&#8243; back_position=&#8221;center center&#8221; parallax=&#8221;yes&#8221; overlay_color=&#8221;color-122525&#8243; overlay_alpha=&#8221;80&#8243; gutter_size=&#8221;3&#8243; column_width_percent=&#8221;100&#8243; shift_y=&#8221;0&#8243; z_index=&#8221;0&#8243; top_divider=&#8221;gradient&#8221; content_parallax=&#8221;0&#8243; uncode_shortcode_id=&#8221;126823&#8243; back_color_type=&#8221;uncode-palette&#8221; overlay_color_type=&#8221;uncode-palette&#8221; row_height_pixel=&#8221;300&#8243;][vc_column column_width_percent=&#8221;100&#8243; [&hellip;]<\/p>\n","protected":false},"author":1,"featured_media":0,"parent":0,"menu_order":0,"comment_status":"closed","ping_status":"closed","template":"","meta":{"_acf_changed":false,"footnotes":""},"class_list":["post-133945","page","type-page","status-publish","hentry"],"acf":[],"yoast_head":"<!-- This site is optimized with the Yoast SEO plugin v27.3 - https:\/\/yoast.com\/product\/yoast-seo-wordpress\/ -->\n<title>Our Practices | Paksoy Attorneys at Law<\/title>\n<meta name=\"description\" content=\"Recognised as one of the leading corporate, finance and litigation practices, we focus on helping clients across a wide spectrum of legal areas including international business transactions, cross-border acquisitions, finance, investigations, compliance and disputes.\" \/>\n<meta name=\"robots\" content=\"index, follow, max-snippet:-1, max-image-preview:large, max-video-preview:-1\" \/>\n<link rel=\"canonical\" href=\"https:\/\/paksoy.av.tr\/en\/our-practices\/\" \/>\n<meta property=\"og:locale\" content=\"en_US\" \/>\n<meta property=\"og:type\" content=\"article\" \/>\n<meta property=\"og:title\" content=\"Our Practices | Paksoy Attorneys at Law\" \/>\n<meta property=\"og:description\" content=\"Recognised as one of the leading corporate, finance and litigation practices, we focus on helping clients across a wide spectrum of legal areas including international business transactions, cross-border acquisitions, finance, investigations, compliance and disputes.\" \/>\n<meta property=\"og:url\" content=\"https:\/\/paksoy.av.tr\/en\/our-practices\/\" \/>\n<meta property=\"og:site_name\" content=\"Paksoy Attorneys at Law\" \/>\n<meta property=\"article:modified_time\" content=\"2025-09-24T13:14:13+00:00\" \/>\n<meta property=\"og:image\" content=\"https:\/\/paksoy.av.tr\/wp-content\/uploads\/2024\/05\/paksoy-main.jpg\" \/>\n\t<meta property=\"og:image:width\" content=\"1600\" \/>\n\t<meta property=\"og:image:height\" content=\"900\" \/>\n\t<meta property=\"og:image:type\" content=\"image\/jpeg\" \/>\n<meta name=\"twitter:card\" content=\"summary_large_image\" \/>\n<meta name=\"twitter:label1\" content=\"Est. reading time\" \/>\n\t<meta name=\"twitter:data1\" content=\"2 minutes\" \/>\n<script type=\"application\/ld+json\" class=\"yoast-schema-graph\">{\"@context\":\"https:\\\/\\\/schema.org\",\"@graph\":[{\"@type\":\"WebPage\",\"@id\":\"https:\\\/\\\/paksoy.av.tr\\\/en\\\/our-practices\\\/\",\"url\":\"https:\\\/\\\/paksoy.av.tr\\\/en\\\/our-practices\\\/\",\"name\":\"Our Practices | Paksoy Attorneys at Law\",\"isPartOf\":{\"@id\":\"https:\\\/\\\/paksoy.av.tr\\\/en\\\/#website\"},\"datePublished\":\"2024-02-22T11:53:47+00:00\",\"dateModified\":\"2025-09-24T13:14:13+00:00\",\"description\":\"Recognised as one of the leading corporate, finance and litigation practices, we focus on helping clients across a wide spectrum of legal areas including international business transactions, cross-border acquisitions, finance, investigations, compliance and disputes.\",\"breadcrumb\":{\"@id\":\"https:\\\/\\\/paksoy.av.tr\\\/en\\\/our-practices\\\/#breadcrumb\"},\"inLanguage\":\"en-US\",\"potentialAction\":[{\"@type\":\"ReadAction\",\"target\":[\"https:\\\/\\\/paksoy.av.tr\\\/en\\\/our-practices\\\/\"]}]},{\"@type\":\"BreadcrumbList\",\"@id\":\"https:\\\/\\\/paksoy.av.tr\\\/en\\\/our-practices\\\/#breadcrumb\",\"itemListElement\":[{\"@type\":\"ListItem\",\"position\":1,\"name\":\"Ana Sayfa\",\"item\":\"https:\\\/\\\/paksoy.av.tr\\\/en\\\/\"},{\"@type\":\"ListItem\",\"position\":2,\"name\":\"Our Practices\"}]},{\"@type\":\"WebSite\",\"@id\":\"https:\\\/\\\/paksoy.av.tr\\\/en\\\/#website\",\"url\":\"https:\\\/\\\/paksoy.av.tr\\\/en\\\/\",\"name\":\"Paksoy\",\"description\":\"\",\"publisher\":{\"@id\":\"https:\\\/\\\/paksoy.av.tr\\\/en\\\/#organization\"},\"potentialAction\":[{\"@type\":\"SearchAction\",\"target\":{\"@type\":\"EntryPoint\",\"urlTemplate\":\"https:\\\/\\\/paksoy.av.tr\\\/en\\\/?s={search_term_string}\"},\"query-input\":{\"@type\":\"PropertyValueSpecification\",\"valueRequired\":true,\"valueName\":\"search_term_string\"}}],\"inLanguage\":\"en-US\"},{\"@type\":\"Organization\",\"@id\":\"https:\\\/\\\/paksoy.av.tr\\\/en\\\/#organization\",\"name\":\"Paksoy\",\"url\":\"https:\\\/\\\/paksoy.av.tr\\\/en\\\/\",\"logo\":{\"@type\":\"ImageObject\",\"inLanguage\":\"en-US\",\"@id\":\"https:\\\/\\\/paksoy.av.tr\\\/en\\\/#\\\/schema\\\/logo\\\/image\\\/\",\"url\":\"https:\\\/\\\/paksoy.av.tr\\\/wp-content\\\/uploads\\\/2024\\\/03\\\/paksoy-logo-avatar.png\",\"contentUrl\":\"https:\\\/\\\/paksoy.av.tr\\\/wp-content\\\/uploads\\\/2024\\\/03\\\/paksoy-logo-avatar.png\",\"width\":1500,\"height\":1500,\"caption\":\"Paksoy\"},\"image\":{\"@id\":\"https:\\\/\\\/paksoy.av.tr\\\/en\\\/#\\\/schema\\\/logo\\\/image\\\/\"},\"sameAs\":[\"https:\\\/\\\/www.linkedin.com\\\/company\\\/paksoy-law-firm\\\/\"]}]}<\/script>\n<!-- \/ Yoast SEO plugin. -->","yoast_head_json":{"title":"Our Practices | Paksoy Attorneys at Law","description":"Recognised as one of the leading corporate, finance and litigation practices, we focus on helping clients across a wide spectrum of legal areas including international business transactions, cross-border acquisitions, finance, investigations, compliance and disputes.","robots":{"index":"index","follow":"follow","max-snippet":"max-snippet:-1","max-image-preview":"max-image-preview:large","max-video-preview":"max-video-preview:-1"},"canonical":"https:\/\/paksoy.av.tr\/en\/our-practices\/","og_locale":"en_US","og_type":"article","og_title":"Our Practices | Paksoy Attorneys at Law","og_description":"Recognised as one of the leading corporate, finance and litigation practices, we focus on helping clients across a wide spectrum of legal areas including international business transactions, cross-border acquisitions, finance, investigations, compliance and disputes.","og_url":"https:\/\/paksoy.av.tr\/en\/our-practices\/","og_site_name":"Paksoy Attorneys at Law","article_modified_time":"2025-09-24T13:14:13+00:00","og_image":[{"width":1600,"height":900,"url":"https:\/\/paksoy.av.tr\/wp-content\/uploads\/2024\/05\/paksoy-main.jpg","type":"image\/jpeg"}],"twitter_card":"summary_large_image","twitter_misc":{"Est. reading time":"2 minutes"},"schema":{"@context":"https:\/\/schema.org","@graph":[{"@type":"WebPage","@id":"https:\/\/paksoy.av.tr\/en\/our-practices\/","url":"https:\/\/paksoy.av.tr\/en\/our-practices\/","name":"Our Practices | Paksoy Attorneys at Law","isPartOf":{"@id":"https:\/\/paksoy.av.tr\/en\/#website"},"datePublished":"2024-02-22T11:53:47+00:00","dateModified":"2025-09-24T13:14:13+00:00","description":"Recognised as one of the leading corporate, finance and litigation practices, we focus on helping clients across a wide spectrum of legal areas including international business transactions, cross-border acquisitions, finance, investigations, compliance and disputes.","breadcrumb":{"@id":"https:\/\/paksoy.av.tr\/en\/our-practices\/#breadcrumb"},"inLanguage":"en-US","potentialAction":[{"@type":"ReadAction","target":["https:\/\/paksoy.av.tr\/en\/our-practices\/"]}]},{"@type":"BreadcrumbList","@id":"https:\/\/paksoy.av.tr\/en\/our-practices\/#breadcrumb","itemListElement":[{"@type":"ListItem","position":1,"name":"Ana Sayfa","item":"https:\/\/paksoy.av.tr\/en\/"},{"@type":"ListItem","position":2,"name":"Our Practices"}]},{"@type":"WebSite","@id":"https:\/\/paksoy.av.tr\/en\/#website","url":"https:\/\/paksoy.av.tr\/en\/","name":"Paksoy","description":"","publisher":{"@id":"https:\/\/paksoy.av.tr\/en\/#organization"},"potentialAction":[{"@type":"SearchAction","target":{"@type":"EntryPoint","urlTemplate":"https:\/\/paksoy.av.tr\/en\/?s={search_term_string}"},"query-input":{"@type":"PropertyValueSpecification","valueRequired":true,"valueName":"search_term_string"}}],"inLanguage":"en-US"},{"@type":"Organization","@id":"https:\/\/paksoy.av.tr\/en\/#organization","name":"Paksoy","url":"https:\/\/paksoy.av.tr\/en\/","logo":{"@type":"ImageObject","inLanguage":"en-US","@id":"https:\/\/paksoy.av.tr\/en\/#\/schema\/logo\/image\/","url":"https:\/\/paksoy.av.tr\/wp-content\/uploads\/2024\/03\/paksoy-logo-avatar.png","contentUrl":"https:\/\/paksoy.av.tr\/wp-content\/uploads\/2024\/03\/paksoy-logo-avatar.png","width":1500,"height":1500,"caption":"Paksoy"},"image":{"@id":"https:\/\/paksoy.av.tr\/en\/#\/schema\/logo\/image\/"},"sameAs":["https:\/\/www.linkedin.com\/company\/paksoy-law-firm\/"]}]}},"_links":{"self":[{"href":"https:\/\/paksoy.av.tr\/en\/wp-json\/wp\/v2\/pages\/133945","targetHints":{"allow":["GET"]}}],"collection":[{"href":"https:\/\/paksoy.av.tr\/en\/wp-json\/wp\/v2\/pages"}],"about":[{"href":"https:\/\/paksoy.av.tr\/en\/wp-json\/wp\/v2\/types\/page"}],"author":[{"embeddable":true,"href":"https:\/\/paksoy.av.tr\/en\/wp-json\/wp\/v2\/users\/1"}],"replies":[{"embeddable":true,"href":"https:\/\/paksoy.av.tr\/en\/wp-json\/wp\/v2\/comments?post=133945"}],"version-history":[{"count":5,"href":"https:\/\/paksoy.av.tr\/en\/wp-json\/wp\/v2\/pages\/133945\/revisions"}],"predecessor-version":[{"id":152995,"href":"https:\/\/paksoy.av.tr\/en\/wp-json\/wp\/v2\/pages\/133945\/revisions\/152995"}],"wp:attachment":[{"href":"https:\/\/paksoy.av.tr\/en\/wp-json\/wp\/v2\/media?parent=133945"}],"curies":[{"name":"wp","href":"https:\/\/api.w.org\/{rel}","templated":true}]}}